{"id":1138,"date":"2018-11-06T13:25:42","date_gmt":"2018-11-06T13:25:42","guid":{"rendered":"http:\/\/localhost\/themeforest\/themes\/lovetravel\/?page_id=1138"},"modified":"2019-12-10T16:20:33","modified_gmt":"2019-12-10T19:20:33","slug":"quem-somos","status":"publish","type":"page","link":"https:\/\/patriciaturismo.com.br\/?page_id=1138","title":{"rendered":"Quem Somos"},"content":{"rendered":"<p>[vc_row content_placement=&#8221;middle&#8221;][vc_column css=&#8221;.vc_custom_1467360650255{margin-top: 10px !important;margin-bottom: 10px !important;padding-top: 0px !important;padding-right: 40px !important;}&#8221;]<div style=\"background-color:;height: 10px\" class=\"nicdark_section  \"><\/div> <h1 style=\"color:;padding:px;text-align:right;font-size:40px;line-height:60px;letter-spacing: 0px;font-weight:bold\" class=\"  nd_options_text_align_center_responsive_important nd_options_first_font \">PATRICIA TURISMO<\/h1> <div style=\"background-color:;height: 20px\" class=\"nicdark_section  \"><\/div>[vc_column_text el_class=&#8221;nd_options_text_align_center_responsive&#8221;]Patricia Turismo \u00e9 uma ag\u00eancia que se dedica \u00e0 transfer de passageiros, e reserva de servi\u00e7os tur\u00edsticos no nordeste brasileiro. Fazendo translado individuais ou em grupo, de aeroporto a hot\u00e9is ou pousadas. Indica\u00e7\u00f5es de hotel, pousada, transporte, passeios, passagens, atra\u00e7\u00f5es, circuitos, pacotes, passeios de barco, Catamar\u00e1, buggy e etc.[\/vc_column_text][\/vc_column][\/vc_row][vc_row css=&#8221;.vc_custom_1492510780167{margin-top: 30px !important;}&#8221;][vc_column width=&#8221;1\/3&#8243;]<div style=\"background-color:;height: 10px\" class=\"nicdark_section  \"><\/div>\n\n  <!--START team-->\n  <div class=\" nd_options_team_component_l5 nd_options_section nd_options_box_sizing_border_box nd_options_team_element \">    \n    <div class=\"nd_options_section nd_options_position_relative\">\n\n      <img decoding=\"async\" alt=\"\" class=\"nd_options_section\" src=\"https:\/\/patriciaturismo.com.br\/wp-content\/uploads\/2019\/12\/WhatsApp-Image-2019-12-04-at-21.44.09.jpeg\">\n\n      <div class=\"nd_options_bg_greydark_alpha_gradient_3 nd_options_position_absolute nd_options_left_0 nd_options_height_100_percentage nd_options_width_100_percentage nd_options_box_sizing_border_box\">\n        <div class=\"nd_options_position_absolute nd_options_bottom_30 nd_options_width_100_percentage nd_options_padding_botttom_0 nd_options_padding_50 nd_options_box_sizing_border_box nd_options_text_align_center\">\n          <h3 class=\"nd_options_color_white\">PASSEIOS DE BUGGY<\/h3>\n          <div class=\"nd_options_section nd_options_height_10\"><\/div>\n          <h6 class=\"nd_options_color_white\"><strong><\/strong><\/h6>\n        <\/div>\n      <\/div>\n\n    <\/div>\n  <\/div>\n  <!--END team-->\n<div style=\"background-color:;height: 10px\" class=\"nicdark_section  \"><\/div>[\/vc_column][vc_column width=&#8221;1\/3&#8243;]<div style=\"background-color:;height: 10px\" class=\"nicdark_section  \"><\/div>\n\n  <!--START team-->\n  <div class=\" nd_options_team_component_l5 nd_options_section nd_options_box_sizing_border_box nd_options_team_element \">    \n    <div class=\"nd_options_section nd_options_position_relative\">\n\n      <img decoding=\"async\" alt=\"\" class=\"nd_options_section\" src=\"https:\/\/patriciaturismo.com.br\/wp-content\/uploads\/2019\/12\/PRAIADOSCARNEIROS.jpg\">\n\n      <div class=\"nd_options_bg_greydark_alpha_gradient_3 nd_options_position_absolute nd_options_left_0 nd_options_height_100_percentage nd_options_width_100_percentage nd_options_box_sizing_border_box\">\n        <div class=\"nd_options_position_absolute nd_options_bottom_30 nd_options_width_100_percentage nd_options_padding_botttom_0 nd_options_padding_50 nd_options_box_sizing_border_box nd_options_text_align_center\">\n          <h3 class=\"nd_options_color_white\">PRAIA DOS CARNEIROS<\/h3>\n          <div class=\"nd_options_section nd_options_height_10\"><\/div>\n          <h6 class=\"nd_options_color_white\"><strong><\/strong><\/h6>\n        <\/div>\n      <\/div>\n\n    <\/div>\n  <\/div>\n  <!--END team-->\n<div style=\"background-color:;height: 10px\" class=\"nicdark_section  \"><\/div>[\/vc_column][vc_column width=&#8221;1\/3&#8243;]<div style=\"background-color:;height: 10px\" class=\"nicdark_section  \"><\/div>\n\n  <!--START team-->\n  <div class=\" nd_options_team_component_l5 nd_options_section nd_options_box_sizing_border_box nd_options_team_element \">    \n    <div class=\"nd_options_section nd_options_position_relative\">\n\n      <img decoding=\"async\" alt=\"\" class=\"nd_options_section\" src=\"https:\/\/patriciaturismo.com.br\/wp-content\/uploads\/2019\/12\/PORTODEGALINHAS.jpg\">\n\n      <div class=\"nd_options_bg_greydark_alpha_gradient_3 nd_options_position_absolute nd_options_left_0 nd_options_height_100_percentage nd_options_width_100_percentage nd_options_box_sizing_border_box\">\n        <div class=\"nd_options_position_absolute nd_options_bottom_30 nd_options_width_100_percentage nd_options_padding_botttom_0 nd_options_padding_50 nd_options_box_sizing_border_box nd_options_text_align_center\">\n          <h3 class=\"nd_options_color_white\">PORTO DE GALINHAS - PE<\/h3>\n          <div class=\"nd_options_section nd_options_height_10\"><\/div>\n          <h6 class=\"nd_options_color_white\"><strong><\/strong><\/h6>\n        <\/div>\n      <\/div>\n\n    <\/div>\n  <\/div>\n  <!--END team-->\n<div style=\"background-color:;height: 10px\" class=\"nicdark_section  \"><\/div>[\/vc_column][\/vc_row]<\/p>\n","protected":false},"excerpt":{"rendered":"<p>[vc_row content_placement=&#8221;middle&#8221;][vc_column css=&#8221;.vc_custom_1467360650255{margin-top: 10px !important;margin-bottom: 10px !important;padding-top: 0px !important;padding-right: 40px !important;}&#8221;][vc_column_text el_class=&#8221;nd_options_text_align_center_responsive&#8221;]Patricia Turismo \u00e9 uma ag\u00eancia que se dedica \u00e0 transfer de passageiros, e reserva de servi\u00e7os tur\u00edsticos no nordeste brasileiro. Fazendo translado individuais ou em grupo, de aeroporto a hot\u00e9is ou pousadas. Indica\u00e7\u00f5es de hotel, pousada, transporte, passeios, passagens, atra\u00e7\u00f5es, circuitos, pacotes, passeios de [&hellip;]<\/p>\n","protected":false},"author":1,"featured_media":0,"parent":0,"menu_order":0,"comment_status":"closed","ping_status":"closed","template":"","meta":{"footnotes":""},"class_list":["post-1138","page","type-page","status-publish","hentry"],"_links":{"self":[{"href":"https:\/\/patriciaturismo.com.br\/index.php?rest_route=\/wp\/v2\/pages\/1138","targetHints":{"allow":["GET"]}}],"collection":[{"href":"https:\/\/patriciaturismo.com.br\/index.php?rest_route=\/wp\/v2\/pages"}],"about":[{"href":"https:\/\/patriciaturismo.com.br\/index.php?rest_route=\/wp\/v2\/types\/page"}],"author":[{"embeddable":true,"href":"https:\/\/patriciaturismo.com.br\/index.php?rest_route=\/wp\/v2\/users\/1"}],"replies":[{"embeddable":true,"href":"https:\/\/patriciaturismo.com.br\/index.php?rest_route=%2Fwp%2Fv2%2Fcomments&post=1138"}],"version-history":[{"count":6,"href":"https:\/\/patriciaturismo.com.br\/index.php?rest_route=\/wp\/v2\/pages\/1138\/revisions"}],"predecessor-version":[{"id":1893,"href":"https:\/\/patriciaturismo.com.br\/index.php?rest_route=\/wp\/v2\/pages\/1138\/revisions\/1893"}],"wp:attachment":[{"href":"https:\/\/patriciaturismo.com.br\/index.php?rest_route=%2Fwp%2Fv2%2Fmedia&parent=1138"}],"curies":[{"name":"wp","href":"https:\/\/api.w.org\/{rel}","templated":true}]}}